{"id":16,"date":"2023-08-11T13:49:01","date_gmt":"2023-08-11T11:49:01","guid":{"rendered":"http:\/\/au-ptit-bonheur.com\/?page_id=16"},"modified":"2023-09-18T15:39:50","modified_gmt":"2023-09-18T13:39:50","slug":"discographie","status":"publish","type":"page","link":"https:\/\/au-ptit-bonheur.com\/index.php\/discographie\/","title":{"rendered":"Albums"},"content":{"rendered":"\n<div class=\"wp-block-media-text is-stacked-on-mobile\" style=\"grid-template-columns:25% auto\"><figure class=\"wp-block-media-text__media\"><img loading=\"lazy\" decoding=\"async\" width=\"400\" height=\"400\" src=\"https:\/\/au-ptit-bonheur.com\/wp-content\/uploads\/2023\/08\/Mal-de-vivre.jpg\" alt=\"\" class=\"wp-image-101 size-full\" srcset=\"https:\/\/au-ptit-bonheur.com\/wp-content\/uploads\/2023\/08\/Mal-de-vivre.jpg 400w, https:\/\/au-ptit-bonheur.com\/wp-content\/uploads\/2023\/08\/Mal-de-vivre-300x300.jpg 300w, https:\/\/au-ptit-bonheur.com\/wp-content\/uploads\/2023\/08\/Mal-de-vivre-150x150.jpg 150w\" sizes=\"auto, (max-width: 400px) 100vw, 400px\" \/><\/figure><div class=\"wp-block-media-text__content\">\n<h2 class=\"wp-block-heading\">Mal de vivre -1992<\/h2>\n\n\n\n<p>1 Le Vaurien<br>2 J&#8217;veux Du Soleil<br>3 Mauricette<br>4 Ombre Chinoise<br>5 J&#8217;t&#8217;aime Tell&#8217;ment<br>6 Sorci\u00e8re<br>7 Tapis D&#8217;orient<br>8 Je Sais<br>9 Soleil De Minuit<br>10 Mal De Vivre<br>11 Ferdinand<br>12 Comme Un Chat<br>13 Soleil Nocturne (Bonus Track)<\/p>\n<\/div><\/div>\n\n\n\n<div class=\"wp-block-media-text is-stacked-on-mobile\" style=\"grid-template-columns:25% auto\"><figure class=\"wp-block-media-text__media\"><img loading=\"lazy\" decoding=\"async\" width=\"716\" height=\"716\" src=\"https:\/\/au-ptit-bonheur.com\/wp-content\/uploads\/2023\/08\/51JWXyFjNeL._UX716_FMjpg_QL85_.jpg\" alt=\"\" class=\"wp-image-98 size-full\" srcset=\"https:\/\/au-ptit-bonheur.com\/wp-content\/uploads\/2023\/08\/51JWXyFjNeL._UX716_FMjpg_QL85_.jpg 716w, https:\/\/au-ptit-bonheur.com\/wp-content\/uploads\/2023\/08\/51JWXyFjNeL._UX716_FMjpg_QL85_-300x300.jpg 300w, https:\/\/au-ptit-bonheur.com\/wp-content\/uploads\/2023\/08\/51JWXyFjNeL._UX716_FMjpg_QL85_-150x150.jpg 150w\" sizes=\"auto, (max-width: 716px) 100vw, 716px\" \/><\/figure><div class=\"wp-block-media-text__content\">\n<h2 class=\"wp-block-heading\">Le bal des moins pires &#8211; 1994<\/h2>\n\n\n\n<p>1 Location Cadillac <br>2 Ouvre-Moi Ta Porte <br>3 Le Producteur<br>4 Tam Tam Zoulou <br>5 Si Un Jour<br>6 Arletta<br>7 Les Filles De Maint&#8217;nant<br>8 Monsieur Dupond <br>9 M\u00f4me Tout M\u00f4me <br>10 J&#8217;Me Voyais D\u00e9j\u00e0 <br>11 Le Bal Des Moins Pires <\/p>\n<\/div><\/div>\n\n\n\n<div class=\"wp-block-media-text is-stacked-on-mobile\" style=\"grid-template-columns:25% auto\"><figure class=\"wp-block-media-text__media\"><img loading=\"lazy\" decoding=\"async\" width=\"716\" height=\"716\" src=\"https:\/\/au-ptit-bonheur.com\/wp-content\/uploads\/2023\/08\/51VD1BhHxEL._UX716_FMjpg_QL85_.jpg\" alt=\"\" class=\"wp-image-99 size-full\" srcset=\"https:\/\/au-ptit-bonheur.com\/wp-content\/uploads\/2023\/08\/51VD1BhHxEL._UX716_FMjpg_QL85_.jpg 716w, https:\/\/au-ptit-bonheur.com\/wp-content\/uploads\/2023\/08\/51VD1BhHxEL._UX716_FMjpg_QL85_-300x300.jpg 300w, https:\/\/au-ptit-bonheur.com\/wp-content\/uploads\/2023\/08\/51VD1BhHxEL._UX716_FMjpg_QL85_-150x150.jpg 150w\" sizes=\"auto, (max-width: 716px) 100vw, 716px\" \/><\/figure><div class=\"wp-block-media-text__content\">\n<h2 class=\"wp-block-heading\">Optimiste &#8211; 1997<\/h2>\n\n\n\n<p>1 Optimiste<br>2 Fou D&#8217;elle<br>3 Seul<br>4 J&#8217;control Plus Rien<br>5 L&#8217;oseille<br>6 J&#8217;ai Reve<br>7 Me V&#8217;la<br>8 L&#8217;inverse De Moi Meme<br>9 Pleins D&#8217;amis<br>10 Le Croyez Vous Vraiment ?<br>11 Qui De Nous ?<br>12 Elle A<\/p>\n<\/div><\/div>\n\n\n\n<div class=\"wp-block-media-text is-stacked-on-mobile\" style=\"grid-template-columns:25% auto\"><figure class=\"wp-block-media-text__media\"><img loading=\"lazy\" decoding=\"async\" width=\"354\" height=\"319\" src=\"https:\/\/au-ptit-bonheur.com\/wp-content\/uploads\/2023\/08\/51Blx1B-5qL._SX354_SY354_BL0_QL100__UXNaN_FMjpg_QL85_.jpg\" alt=\"\" class=\"wp-image-97 size-full\" srcset=\"https:\/\/au-ptit-bonheur.com\/wp-content\/uploads\/2023\/08\/51Blx1B-5qL._SX354_SY354_BL0_QL100__UXNaN_FMjpg_QL85_.jpg 354w, https:\/\/au-ptit-bonheur.com\/wp-content\/uploads\/2023\/08\/51Blx1B-5qL._SX354_SY354_BL0_QL100__UXNaN_FMjpg_QL85_-300x270.jpg 300w\" sizes=\"auto, (max-width: 354px) 100vw, 354px\" \/><\/figure><div class=\"wp-block-media-text__content\">\n<h2 class=\"wp-block-heading\">Entre No\u00ebl et Ramadan &#8211; 2003<\/h2>\n\n\n\n<p>1 Comme au premier jour<br>2 Mon Africaine<br>3 Loin d&#8217;ici<br>4 Halw\u00e2<br>5 Entre No\u00ebl et Ramadan<br>6 Y \u00eatre heureux<br>7 Mon \u00e9lan<br>8 J&#8217;suis vivant<br>9 Je cherche un Job<br>10 Ego\u00efste<br>11 Ca boxe<br>12 Eldorado<br>13 La valse du gitan<br>14 J&#8217;veux du soleil (En duo avec Le Maximum Kouette)<\/p>\n<\/div><\/div>\n\n\n\n<div class=\"wp-block-media-text is-stacked-on-mobile\" style=\"grid-template-columns:25% auto\"><figure class=\"wp-block-media-text__media\"><img loading=\"lazy\" decoding=\"async\" width=\"400\" height=\"400\" src=\"https:\/\/au-ptit-bonheur.com\/wp-content\/uploads\/2023\/08\/La-saison-des-grandes-chaleurs.jpg\" alt=\"\" class=\"wp-image-100 size-full\" srcset=\"https:\/\/au-ptit-bonheur.com\/wp-content\/uploads\/2023\/08\/La-saison-des-grandes-chaleurs.jpg 400w, https:\/\/au-ptit-bonheur.com\/wp-content\/uploads\/2023\/08\/La-saison-des-grandes-chaleurs-300x300.jpg 300w, https:\/\/au-ptit-bonheur.com\/wp-content\/uploads\/2023\/08\/La-saison-des-grandes-chaleurs-150x150.jpg 150w\" sizes=\"auto, (max-width: 400px) 100vw, 400px\" \/><\/figure><div class=\"wp-block-media-text__content\">\n<h2 class=\"wp-block-heading\">La saison des grandes chaleurs &#8211; 2013<\/h2>\n\n\n\n<p>1 \u00c7a c\u2019est d\u2019la bombe atomique <br>2 La chanson du bonheur <br>3 J\u2019en ai bien assez<br>4 Aimer<br>5 Les mots d\u2019amour<br>6 Mi amor<br>7 Un beau dimanche<br>8 Existe t\u2019il<br>9 Les mots inutiles<br>10 Chaque fois<br>11 Fan<br>12 J\u2019aimerais te dire<br>13 Un v\u0153u<br>14Une vie de r\u00eave<br>15  Une derni\u00e8re fois encore<\/p>\n<\/div><\/div>\n","protected":false},"excerpt":{"rendered":"<p>Mal de vivre -1992 1 Le Vaurien2 J&#8217;veux Du Soleil3 Mauricette4 Ombre Chinoise5 J&#8217;t&#8217;aime Tell&#8217;ment6 Sorci\u00e8re7 Tapis D&#8217;orient8 Je Sais9 Soleil De Minuit10 Mal De Vivre11 Ferdinand12 Comme Un Chat13 Soleil Nocturne (Bonus Track) Le bal des moins pires &#8211; 1994 1 Location Cadillac 2 Ouvre-Moi Ta Porte 3 Le Producteur4 Tam Tam Zoulou 5 &#8230; <a title=\"Albums\" class=\"read-more\" href=\"https:\/\/au-ptit-bonheur.com\/index.php\/discographie\/\" aria-label=\"Read more about Albums\">Read more<\/a><\/p>\n","protected":false},"author":1,"featured_media":0,"parent":0,"menu_order":0,"comment_status":"closed","ping_status":"closed","template":"","meta":{"footnotes":""},"class_list":["post-16","page","type-page","status-publish"],"_links":{"self":[{"href":"https:\/\/au-ptit-bonheur.com\/index.php\/wp-json\/wp\/v2\/pages\/16","targetHints":{"allow":["GET"]}}],"collection":[{"href":"https:\/\/au-ptit-bonheur.com\/index.php\/wp-json\/wp\/v2\/pages"}],"about":[{"href":"https:\/\/au-ptit-bonheur.com\/index.php\/wp-json\/wp\/v2\/types\/page"}],"author":[{"embeddable":true,"href":"https:\/\/au-ptit-bonheur.com\/index.php\/wp-json\/wp\/v2\/users\/1"}],"replies":[{"embeddable":true,"href":"https:\/\/au-ptit-bonheur.com\/index.php\/wp-json\/wp\/v2\/comments?post=16"}],"version-history":[{"count":8,"href":"https:\/\/au-ptit-bonheur.com\/index.php\/wp-json\/wp\/v2\/pages\/16\/revisions"}],"predecessor-version":[{"id":339,"href":"https:\/\/au-ptit-bonheur.com\/index.php\/wp-json\/wp\/v2\/pages\/16\/revisions\/339"}],"wp:attachment":[{"href":"https:\/\/au-ptit-bonheur.com\/index.php\/wp-json\/wp\/v2\/media?parent=16"}],"curies":[{"name":"wp","href":"https:\/\/api.w.org\/{rel}","templated":true}]}}