{"id":20,"date":"2023-08-11T13:49:36","date_gmt":"2023-08-11T11:49:36","guid":{"rendered":"http:\/\/au-ptit-bonheur.com\/?page_id=20"},"modified":"2024-11-04T12:09:10","modified_gmt":"2024-11-04T11:09:10","slug":"biographie","status":"publish","type":"page","link":"https:\/\/au-ptit-bonheur.com\/index.php\/biographie\/","title":{"rendered":"Biographie"},"content":{"rendered":"\n<div class=\"wp-block-columns is-layout-flex wp-container-core-columns-is-layout-9d6595d7 wp-block-columns-is-layout-flex\">\n<div class=\"wp-block-column is-layout-flow wp-block-column-is-layout-flow\" style=\"flex-basis:100%\">\n<figure class=\"wp-block-gallery has-nested-images columns-2 is-cropped wp-block-gallery-1 is-layout-flex wp-block-gallery-is-layout-flex\">\n<figure class=\"wp-block-image size-large\"><img loading=\"lazy\" decoding=\"async\" width=\"725\" height=\"1024\" data-id=\"292\" src=\"https:\/\/au-ptit-bonheur.com\/wp-content\/uploads\/2023\/08\/Document_2023-08-06_170014-725x1024.jpg\" alt=\"\" class=\"wp-image-292\" srcset=\"https:\/\/au-ptit-bonheur.com\/wp-content\/uploads\/2023\/08\/Document_2023-08-06_170014-725x1024.jpg 725w, https:\/\/au-ptit-bonheur.com\/wp-content\/uploads\/2023\/08\/Document_2023-08-06_170014-212x300.jpg 212w, https:\/\/au-ptit-bonheur.com\/wp-content\/uploads\/2023\/08\/Document_2023-08-06_170014-768x1085.jpg 768w, https:\/\/au-ptit-bonheur.com\/wp-content\/uploads\/2023\/08\/Document_2023-08-06_170014-1087x1536.jpg 1087w, https:\/\/au-ptit-bonheur.com\/wp-content\/uploads\/2023\/08\/Document_2023-08-06_170014-1449x2048.jpg 1449w, https:\/\/au-ptit-bonheur.com\/wp-content\/uploads\/2023\/08\/Document_2023-08-06_170014-scaled.jpg 1811w\" sizes=\"auto, (max-width: 725px) 100vw, 725px\" \/><\/figure>\n\n\n\n<figure class=\"wp-block-image size-large is-style-default\"><img loading=\"lazy\" decoding=\"async\" width=\"706\" height=\"1024\" data-id=\"242\" src=\"https:\/\/au-ptit-bonheur.com\/wp-content\/uploads\/2023\/08\/Document_2023-08-06_170055-1-706x1024.jpg\" alt=\"\" class=\"wp-image-242\" srcset=\"https:\/\/au-ptit-bonheur.com\/wp-content\/uploads\/2023\/08\/Document_2023-08-06_170055-1-706x1024.jpg 706w, https:\/\/au-ptit-bonheur.com\/wp-content\/uploads\/2023\/08\/Document_2023-08-06_170055-1-207x300.jpg 207w, https:\/\/au-ptit-bonheur.com\/wp-content\/uploads\/2023\/08\/Document_2023-08-06_170055-1-768x1113.jpg 768w, https:\/\/au-ptit-bonheur.com\/wp-content\/uploads\/2023\/08\/Document_2023-08-06_170055-1-1059x1536.jpg 1059w, https:\/\/au-ptit-bonheur.com\/wp-content\/uploads\/2023\/08\/Document_2023-08-06_170055-1-1413x2048.jpg 1413w, https:\/\/au-ptit-bonheur.com\/wp-content\/uploads\/2023\/08\/Document_2023-08-06_170055-1-scaled.jpg 1766w\" sizes=\"auto, (max-width: 706px) 100vw, 706px\" \/><\/figure>\n<\/figure>\n<\/div>\n<\/div>\n\n\n\n<h2 class=\"wp-block-heading has-text-align-center\">AU P\u2019TIT BONHEUR <\/h2>\n\n\n\n<blockquote class=\"wp-block-quote is-layout-flow wp-block-quote-is-layout-flow\">\n<h3 class=\"wp-block-heading\" style=\"font-style:italic;font-weight:300\">\u00c9voquez Au P\u2019tit Bonheur\u2026 et les premi\u00e8res notes d\u2019accord\u00e9on annoncent l\u2019arriv\u00e9e de \u00ab&nbsp; j\u2019veux du soleil, le titre embl\u00e9matique qui a mis le groupe sur le devant de la sc\u00e8ne musicale au d\u00e9but des ann\u00e9es 1990.  <\/h3>\n\n\n\n<h3 class=\"wp-block-heading\" style=\"font-style:italic;font-weight:300\">Extrait du premier album \u00abMal de vivre, vendu \u00e0 plus de 100 000 exemplaires, ce titre phare est devenu au fil du temps une sorte d\u2019hymne \u00e0 la joie , connu de toutes les g\u00e9n\u00e9rations; souvent repris et r\u00e9guli\u00e8rement interpr\u00e9t\u00e9. Mais r\u00e9duire Au p\u2019tit bonheur \u00e0 cette seule chanson serait aller vite en besogne. Quiconque prend la peine d\u2019\u00e9couter les paroles \u00e9crites et chant\u00e9es par Jamel Laroussi, leader du groupe mais aussi auteur et compositeur se rend compte que le propos va bien au-del\u00e0 des apparences festives.<\/h3>\n\n\n\n<h3 class=\"wp-block-heading\" style=\"font-style:italic;font-weight:300\">30 ann\u00e9es de carri\u00e8re, cinq albums et des milliers de km de tourn\u00e9es n\u2019ont en rien \u00e9mouss\u00e9 le plaisir de retrouver la sc\u00e8ne . Au p\u2019tit bonheur, c\u2019est encore et toujours une po\u00e9sie d\u2019aujourd\u2019hui, intens\u00e9ment d\u2019aujourd\u2019hui qui va \u00e0 l\u2019encontre du cynisme ambiant et de l\u2019intol\u00e9rance ravageuse .Au-del\u00e0 des cris du bruit et de la fureur Au p\u2019tit bonheur propose \u00e0 chacun le r\u00eave d\u2019une humanit\u00e9 plus humaine, plus chaleureuse, plus fraternelle.<\/h3>\n<\/blockquote>\n\n\n\n<p><\/p>\n\n\n\n<figure class=\"wp-block-gallery has-nested-images columns-5 is-cropped wp-block-gallery-2 is-layout-flex wp-block-gallery-is-layout-flex\">\n<figure class=\"wp-block-image size-large is-resized\"><img loading=\"lazy\" decoding=\"async\" width=\"400\" height=\"400\" data-id=\"101\" src=\"https:\/\/au-ptit-bonheur.com\/wp-content\/uploads\/2023\/08\/Mal-de-vivre.jpg\" alt=\"\" class=\"wp-image-101\" style=\"object-fit:contain;width:150px;height:150px\" srcset=\"https:\/\/au-ptit-bonheur.com\/wp-content\/uploads\/2023\/08\/Mal-de-vivre.jpg 400w, https:\/\/au-ptit-bonheur.com\/wp-content\/uploads\/2023\/08\/Mal-de-vivre-300x300.jpg 300w, https:\/\/au-ptit-bonheur.com\/wp-content\/uploads\/2023\/08\/Mal-de-vivre-150x150.jpg 150w\" sizes=\"auto, (max-width: 400px) 100vw, 400px\" \/><\/figure>\n\n\n\n<figure class=\"wp-block-image size-large is-resized\"><img loading=\"lazy\" decoding=\"async\" width=\"716\" height=\"716\" data-id=\"98\" src=\"https:\/\/au-ptit-bonheur.com\/wp-content\/uploads\/2023\/08\/51JWXyFjNeL._UX716_FMjpg_QL85_.jpg\" alt=\"\" class=\"wp-image-98\" style=\"object-fit:contain;width:150px;height:150px\" srcset=\"https:\/\/au-ptit-bonheur.com\/wp-content\/uploads\/2023\/08\/51JWXyFjNeL._UX716_FMjpg_QL85_.jpg 716w, https:\/\/au-ptit-bonheur.com\/wp-content\/uploads\/2023\/08\/51JWXyFjNeL._UX716_FMjpg_QL85_-300x300.jpg 300w, https:\/\/au-ptit-bonheur.com\/wp-content\/uploads\/2023\/08\/51JWXyFjNeL._UX716_FMjpg_QL85_-150x150.jpg 150w\" sizes=\"auto, (max-width: 716px) 100vw, 716px\" \/><\/figure>\n\n\n\n<figure class=\"wp-block-image size-large is-resized\"><img loading=\"lazy\" decoding=\"async\" width=\"716\" height=\"716\" data-id=\"99\" src=\"https:\/\/au-ptit-bonheur.com\/wp-content\/uploads\/2023\/08\/51VD1BhHxEL._UX716_FMjpg_QL85_.jpg\" alt=\"\" class=\"wp-image-99\" style=\"object-fit:contain;width:150px;height:150px\" srcset=\"https:\/\/au-ptit-bonheur.com\/wp-content\/uploads\/2023\/08\/51VD1BhHxEL._UX716_FMjpg_QL85_.jpg 716w, https:\/\/au-ptit-bonheur.com\/wp-content\/uploads\/2023\/08\/51VD1BhHxEL._UX716_FMjpg_QL85_-300x300.jpg 300w, https:\/\/au-ptit-bonheur.com\/wp-content\/uploads\/2023\/08\/51VD1BhHxEL._UX716_FMjpg_QL85_-150x150.jpg 150w\" sizes=\"auto, (max-width: 716px) 100vw, 716px\" \/><\/figure>\n\n\n\n<figure class=\"wp-block-image size-large is-resized\"><img loading=\"lazy\" decoding=\"async\" width=\"354\" height=\"319\" data-id=\"97\" src=\"https:\/\/au-ptit-bonheur.com\/wp-content\/uploads\/2023\/08\/51Blx1B-5qL._SX354_SY354_BL0_QL100__UXNaN_FMjpg_QL85_.jpg\" alt=\"\" class=\"wp-image-97\" style=\"object-fit:contain;width:150px;height:150px\" srcset=\"https:\/\/au-ptit-bonheur.com\/wp-content\/uploads\/2023\/08\/51Blx1B-5qL._SX354_SY354_BL0_QL100__UXNaN_FMjpg_QL85_.jpg 354w, https:\/\/au-ptit-bonheur.com\/wp-content\/uploads\/2023\/08\/51Blx1B-5qL._SX354_SY354_BL0_QL100__UXNaN_FMjpg_QL85_-300x270.jpg 300w\" sizes=\"auto, (max-width: 354px) 100vw, 354px\" \/><\/figure>\n\n\n\n<figure class=\"wp-block-image size-large is-resized\"><img loading=\"lazy\" decoding=\"async\" width=\"400\" height=\"400\" data-id=\"100\" src=\"https:\/\/au-ptit-bonheur.com\/wp-content\/uploads\/2023\/08\/La-saison-des-grandes-chaleurs.jpg\" alt=\"\" class=\"wp-image-100\" style=\"object-fit:contain;width:150px;height:150px\" srcset=\"https:\/\/au-ptit-bonheur.com\/wp-content\/uploads\/2023\/08\/La-saison-des-grandes-chaleurs.jpg 400w, https:\/\/au-ptit-bonheur.com\/wp-content\/uploads\/2023\/08\/La-saison-des-grandes-chaleurs-300x300.jpg 300w, https:\/\/au-ptit-bonheur.com\/wp-content\/uploads\/2023\/08\/La-saison-des-grandes-chaleurs-150x150.jpg 150w\" sizes=\"auto, (max-width: 400px) 100vw, 400px\" \/><\/figure>\n<\/figure>\n","protected":false},"excerpt":{"rendered":"<p>AU P\u2019TIT BONHEUR \u00c9voquez Au P\u2019tit Bonheur\u2026 et les premi\u00e8res notes d\u2019accord\u00e9on annoncent l\u2019arriv\u00e9e de \u00ab&nbsp; j\u2019veux du soleil, le titre embl\u00e9matique qui a mis le groupe sur le devant de la sc\u00e8ne musicale au d\u00e9but des ann\u00e9es 1990. Extrait du premier album \u00abMal de vivre, vendu \u00e0 plus de 100 000 exemplaires, ce titre &#8230; <a title=\"Biographie\" class=\"read-more\" href=\"https:\/\/au-ptit-bonheur.com\/index.php\/biographie\/\" aria-label=\"Read more about Biographie\">Read more<\/a><\/p>\n","protected":false},"author":1,"featured_media":0,"parent":0,"menu_order":0,"comment_status":"closed","ping_status":"closed","template":"","meta":{"footnotes":""},"class_list":["post-20","page","type-page","status-publish"],"_links":{"self":[{"href":"https:\/\/au-ptit-bonheur.com\/index.php\/wp-json\/wp\/v2\/pages\/20","targetHints":{"allow":["GET"]}}],"collection":[{"href":"https:\/\/au-ptit-bonheur.com\/index.php\/wp-json\/wp\/v2\/pages"}],"about":[{"href":"https:\/\/au-ptit-bonheur.com\/index.php\/wp-json\/wp\/v2\/types\/page"}],"author":[{"embeddable":true,"href":"https:\/\/au-ptit-bonheur.com\/index.php\/wp-json\/wp\/v2\/users\/1"}],"replies":[{"embeddable":true,"href":"https:\/\/au-ptit-bonheur.com\/index.php\/wp-json\/wp\/v2\/comments?post=20"}],"version-history":[{"count":24,"href":"https:\/\/au-ptit-bonheur.com\/index.php\/wp-json\/wp\/v2\/pages\/20\/revisions"}],"predecessor-version":[{"id":396,"href":"https:\/\/au-ptit-bonheur.com\/index.php\/wp-json\/wp\/v2\/pages\/20\/revisions\/396"}],"wp:attachment":[{"href":"https:\/\/au-ptit-bonheur.com\/index.php\/wp-json\/wp\/v2\/media?parent=20"}],"curies":[{"name":"wp","href":"https:\/\/api.w.org\/{rel}","templated":true}]}}